{"id":105,"date":"2022-10-10T07:59:09","date_gmt":"2022-10-10T05:59:09","guid":{"rendered":"http:\/\/inelektra.com\/?page_id=105"},"modified":"2025-02-25T10:32:38","modified_gmt":"2025-02-25T09:32:38","slug":"fundusze-unijne","status":"publish","type":"page","link":"https:\/\/inelektra.com\/?page_id=105","title":{"rendered":"Fundusze unijne"},"content":{"rendered":"<p>[et_pb_section fb_built=&#8221;1&#8243; admin_label=&#8221;Features&#8221; _builder_version=&#8221;4.16&#8243; background_color=&#8221;rgba(0,0,0,0)&#8221; z_index=&#8221;11&#8243; custom_padding=&#8221;0px|||||&#8221; global_colors_info=&#8221;{}&#8221;][et_pb_row column_structure=&#8221;3_5,2_5&#8243; custom_padding_last_edited=&#8221;on|phone&#8221; _builder_version=&#8221;4.16&#8243; custom_padding=&#8221;||||false|false&#8221; custom_padding_tablet=&#8221;|24%|||false|false&#8221; custom_padding_phone=&#8221;|10%|||false|false&#8221; global_colors_info=&#8221;{}&#8221;][et_pb_column type=&#8221;3_5&#8243; _builder_version=&#8221;4.16&#8243; global_colors_info=&#8221;{}&#8221;][et_pb_text _builder_version=&#8221;4.18.0&#8243; text_font=&#8221;Exo 2|||on|||||&#8221; text_text_color=&#8221;#0e4de3&#8243; text_font_size=&#8221;26px&#8221; text_letter_spacing=&#8221;1px&#8221; header_font_size=&#8221;45px&#8221; locked=&#8221;off&#8221; global_colors_info=&#8221;{}&#8221;]<\/p>\n<p>Fundusze unijne:<\/p>\n<p>[\/et_pb_text][\/et_pb_column][et_pb_column type=&#8221;2_5&#8243; _builder_version=&#8221;4.16&#8243; global_colors_info=&#8221;{}&#8221;][\/et_pb_column][\/et_pb_row][et_pb_row use_custom_gutter=&#8221;on&#8221; gutter_width=&#8221;2&#8243; _builder_version=&#8221;4.18.0&#8243; use_background_color_gradient=&#8221;on&#8221; background_color_gradient_stops=&#8221;rgba(255,255,255,0) 0%|#eaf3ff 100%&#8221; background_color_gradient_start=&#8221;rgba(255,255,255,0)&#8221; background_color_gradient_end=&#8221;#eaf3ff&#8221; max_width=&#8221;1160px&#8221; overflow-x=&#8221;visible&#8221; overflow-y=&#8221;visible&#8221; custom_padding=&#8221;0vw|40px|60px|8vw|false|false&#8221; border_radii=&#8221;off|||60px|60px&#8221; locked=&#8221;off&#8221; global_colors_info=&#8221;{}&#8221;][et_pb_column type=&#8221;4_4&#8243; _builder_version=&#8221;4.16&#8243; global_colors_info=&#8221;{}&#8221;][et_pb_text _builder_version=&#8221;4.18.0&#8243; text_font=&#8221;Exo 2|||on|||||&#8221; text_text_color=&#8221;#0e4de3&#8243; text_font_size=&#8221;26px&#8221; text_letter_spacing=&#8221;1px&#8221; header_font_size=&#8221;45px&#8221; locked=&#8221;off&#8221; global_colors_info=&#8221;{}&#8221;][\/et_pb_text][et_pb_text _builder_version=&#8221;4.18.0&#8243; _module_preset=&#8221;default&#8221; global_colors_info=&#8221;{}&#8221;]<\/p>\n<p><a href=\"https:\/\/www.inelektra.com\/pdf\/Fundusz-Badan-i-Wdrozen-Voucher-Badawczy-1.pdf\" class=\"white-link\" style=\"font-size: 14px;\">Fundusz Bada\u0144 i Wdro\u017ce\u0144 \u2013 Voucher Badawczy 1<\/a><\/p>\n<div class=\"text-body\"><a href=\"http:\/\/www.inelektra.com\/pdf\/Voucher_badawczy_1.pdf\" class=\"white-link\">Wyniki bada\u0144 &#8211; Voucher badawczy 1<\/a><br \/><a href=\"https:\/\/www.inelektra.com\/pdf\/Fundusz-Badan-i-Wdrozen-Voucher-Badawczy-2.pdf\" class=\"white-link\">Fundusz Bada\u0144 i Wdro\u017ce\u0144 \u2013 Voucher Badawczy 2<\/a><br \/><a href=\"https:\/\/www.inelektra.com\/pdf\/Voucher_badawczy_2.pdf\" class=\"white-link\">Wyniki bada\u0144 &#8211; Voucher badawczy 2<\/a><br \/><a href=\"https:\/\/www.inelektra.com\/pdf\/Fundusz-Eksportowy-RPO-WK-P.pdf\" class=\"white-link\">Fundusz Eksportowy \u2013 RPO WK-P<\/a><br \/><a href=\"https:\/\/www.inelektra.com\/pdf\/Fundusz_Wsparcia_Inwestycyjnego.pdf\" class=\"white-link\">Fundusz Wsparcia Inwestycyjnego<\/a><\/div>\n<div class=\"text-body\">\n<p>Realizuj\u0105c projekt<span>\u00a0<\/span><b>FUNDUSZ EKSPORTOWY \u2013 granty dla M\u015aP z wojew\u00f3dztwa kujawsko-pomorskiego<\/b><span>\u00a0<\/span>w ramach Osi priorytetowej 1. Wzmocnienie innowacyjno\u015bci i konkurencyjno\u015bci gospodarki regionu, Dzia\u0142ania 1.5 Opracowanie i wdra\u017canie nowych modeli biznesowych dla M\u015aP, Poddzia\u0142ania 1.5.3 Wsparcie procesu umi\u0119dzynarodowienia przedsi\u0119biorstw Regionalnego Programu Operacyjnego Wojew\u00f3dztwa Kujawsko- Pomorskiego na lata 2014-2020, zach\u0119camy do wzi\u0119cia udzia\u0142u i przedstawienia oferty zgodnie z zapytaniem i formularzem ofertowym z za\u0142\u0105cznika.<\/p>\n<p><b>Cel projektu:<\/b><\/p>\n<p>G\u0142\u00f3wnym celem projektu jest rozszerzenie dzia\u0142alno\u015bci eksportowej firmy Inelektra Sp. z o.o. poprzez wej\u015bcie na nowy rynek zagraniczny, a tak\u017ce zwi\u0119kszenie poziomu sprzeda\u017cy za granic\u0105 oraz budowa marki Firmy w skali globalnej.<\/p>\n<p>&nbsp;<\/p>\n<p>&nbsp;<\/p>\n<\/div>\n<p>[\/et_pb_text][\/et_pb_column][\/et_pb_row][\/et_pb_section]<\/p>\n","protected":false},"excerpt":{"rendered":"<p>Fundusze unijne:Fundusz Bada\u0144 i Wdro\u017ce\u0144 \u2013 Voucher Badawczy 1 Wyniki bada\u0144 &#8211; Voucher badawczy 1Fundusz Bada\u0144 i Wdro\u017ce\u0144 \u2013 Voucher Badawczy 2Wyniki bada\u0144 &#8211; Voucher badawczy 2Fundusz Eksportowy \u2013 RPO WK-PFundusz Wsparcia Inwestycyjnego Realizuj\u0105c projekt\u00a0FUNDUSZ EKSPORTOWY \u2013 granty dla M\u015aP z wojew\u00f3dztwa kujawsko-pomorskiego\u00a0w ramach Osi priorytetowej 1. Wzmocnienie innowacyjno\u015bci i konkurencyjno\u015bci gospodarki regionu, Dzia\u0142ania 1.5 [&hellip;]<\/p>\n","protected":false},"author":1,"featured_media":0,"parent":0,"menu_order":0,"comment_status":"closed","ping_status":"closed","template":"","meta":{"_et_pb_use_builder":"on","_et_pb_old_content":"","_et_gb_content_width":"","footnotes":""},"class_list":["post-105","page","type-page","status-publish","hentry"],"_links":{"self":[{"href":"https:\/\/inelektra.com\/index.php?rest_route=\/wp\/v2\/pages\/105","targetHints":{"allow":["GET"]}}],"collection":[{"href":"https:\/\/inelektra.com\/index.php?rest_route=\/wp\/v2\/pages"}],"about":[{"href":"https:\/\/inelektra.com\/index.php?rest_route=\/wp\/v2\/types\/page"}],"author":[{"embeddable":true,"href":"https:\/\/inelektra.com\/index.php?rest_route=\/wp\/v2\/users\/1"}],"replies":[{"embeddable":true,"href":"https:\/\/inelektra.com\/index.php?rest_route=%2Fwp%2Fv2%2Fcomments&post=105"}],"version-history":[{"count":7,"href":"https:\/\/inelektra.com\/index.php?rest_route=\/wp\/v2\/pages\/105\/revisions"}],"predecessor-version":[{"id":232,"href":"https:\/\/inelektra.com\/index.php?rest_route=\/wp\/v2\/pages\/105\/revisions\/232"}],"wp:attachment":[{"href":"https:\/\/inelektra.com\/index.php?rest_route=%2Fwp%2Fv2%2Fmedia&parent=105"}],"curies":[{"name":"wp","href":"https:\/\/api.w.org\/{rel}","templated":true}]}}