{"id":60,"date":"2022-10-09T16:06:43","date_gmt":"2022-10-09T14:06:43","guid":{"rendered":"http:\/\/inelektra.com\/?page_id=60"},"modified":"2025-02-25T10:34:09","modified_gmt":"2025-02-25T09:34:09","slug":"o-nas","status":"publish","type":"page","link":"https:\/\/inelektra.com\/","title":{"rendered":"O nas"},"content":{"rendered":"<p>[et_pb_section fb_built=&#8221;1&#8243; fullwidth=&#8221;on&#8221; _builder_version=&#8221;4.18.0&#8243; _module_preset=&#8221;default&#8221; global_colors_info=&#8221;{}&#8221;][et_pb_fullwidth_slider _builder_version=&#8221;4.18.0&#8243; _module_preset=&#8221;default&#8221; global_colors_info=&#8221;{}&#8221;][et_pb_slide _builder_version=&#8221;4.18.0&#8243; _module_preset=&#8221;default&#8221; background_enable_color=&#8221;off&#8221; background_image=&#8221;https:\/\/inelektra.com\/wp-content\/uploads\/2022\/10\/pexels-fauxels-3182826-scaled.jpg&#8221; background_enable_image=&#8221;on&#8221; global_colors_info=&#8221;{}&#8221; sticky_transition=&#8221;on&#8221;][\/et_pb_slide][\/et_pb_fullwidth_slider][\/et_pb_section][et_pb_section fb_built=&#8221;1&#8243; admin_label=&#8221;Features&#8221; _builder_version=&#8221;4.16&#8243; background_color=&#8221;rgba(0,0,0,0)&#8221; z_index=&#8221;11&#8243; custom_padding=&#8221;0px|||||&#8221; global_colors_info=&#8221;{}&#8221;][et_pb_row column_structure=&#8221;3_5,2_5&#8243; custom_padding_last_edited=&#8221;on|phone&#8221; _builder_version=&#8221;4.18.0&#8243; custom_padding=&#8221;||||false|false&#8221; custom_padding_tablet=&#8221;|24%|||false|false&#8221; custom_padding_phone=&#8221;|10%|||false|false&#8221; global_colors_info=&#8221;{}&#8221;][et_pb_column type=&#8221;3_5&#8243; _builder_version=&#8221;4.16&#8243; global_colors_info=&#8221;{}&#8221;][et_pb_text _builder_version=&#8221;4.18.0&#8243; text_font=&#8221;Exo 2|||on|||||&#8221; text_text_color=&#8221;#0e4de3&#8243; text_font_size=&#8221;26px&#8221; text_letter_spacing=&#8221;1px&#8221; header_font_size=&#8221;45px&#8221; locked=&#8221;off&#8221; global_colors_info=&#8221;{}&#8221;]<\/p>\n<p>O nas<\/p>\n<p>[\/et_pb_text][\/et_pb_column][et_pb_column type=&#8221;2_5&#8243; _builder_version=&#8221;4.16&#8243; global_colors_info=&#8221;{}&#8221;][\/et_pb_column][\/et_pb_row][et_pb_row use_custom_gutter=&#8221;on&#8221; gutter_width=&#8221;2&#8243; _builder_version=&#8221;4.16&#8243; use_background_color_gradient=&#8221;on&#8221; background_color_gradient_stops=&#8221;rgba(255,255,255,0) 0%|#eaf3ff 100%&#8221; background_color_gradient_start=&#8221;rgba(255,255,255,0)&#8221; background_color_gradient_end=&#8221;#eaf3ff&#8221; max_width=&#8221;1160px&#8221; overflow-x=&#8221;visible&#8221; overflow-y=&#8221;visible&#8221; custom_padding=&#8221;0vw|40px|60px|8vw|false|false&#8221; border_radii=&#8221;off|||60px|60px&#8221; locked=&#8221;off&#8221; global_colors_info=&#8221;{}&#8221;][et_pb_column type=&#8221;4_4&#8243; _builder_version=&#8221;4.16&#8243; global_colors_info=&#8221;{}&#8221;][et_pb_text _builder_version=&#8221;4.18.0&#8243; _module_preset=&#8221;default&#8221; global_colors_info=&#8221;{}&#8221;]<\/p>\n<p>INELEKTRA Sp. z o.o. to polska sp\u00f3\u0142ka technologiczno-handlowa, za\u0142o\u017cona w 2012 roku.<br \/>Zajmujemy si\u0119 kompleksowymi rozwi\u0105zaniami dla produkt\u00f3w elektronicznych \u2013 od pomys\u0142u do produktu finalnego.<br \/>Specjalizujemy si\u0119 w kompleksowym projektowaniu wyrob\u00f3w elektronicznych na zlecenie jak r\u00f3wnie\u017c posiadamy marki w\u0142asne.<br \/>Nasze g\u0142\u00f3wne obszary zainteresowania to o\u015bwietlenie, automotive, uk\u0142ady zasilania, oprogramowanie mikroporocesor\u00f3w oraz aplikacje dla smartfon\u00f3w.<br \/>Posiadamy w\u0142asny dzia\u0142 konstrukcyjny o du\u017cym do\u015bwiadczeniu \u2013 in\u017cynierowie elektronicy, mechanicy, projektanci designu, in\u017cynierowie jako\u015bci i certyfikacji.<br \/>Projektujemy produkty elektroniczne zaczynaj\u0105c od koncepcji produktu, przechodz\u0105c do projektowania obwod\u00f3w PCB, uk\u0142ad\u00f3w elektroniki oraz wyspecjalizowanych obud\u00f3w dla naszych klient\u00f3w.<br \/>Zajmujemy si\u0119 wdro\u017ceniem produkt\u00f3w do masowej produkcji, zleceniem ich monta\u017cu oraz certyfikacj\u0105.<br \/>Posiadamy w\u0142asny dzia\u0142 dbaj\u0105cy o wygl\u0105d i estetyk\u0119 produkt\u00f3w.<br \/>Drugim wa\u017cnym segmentem rynku, kt\u00f3rym si\u0119 zajmujemy to handel hurtowy komponentami elektronicznymi, elektrotechnicznymi oraz komputerowymi.<\/p>\n<p>[\/et_pb_text][\/et_pb_column][\/et_pb_row][\/et_pb_section]<\/p>\n","protected":false},"excerpt":{"rendered":"<p>O nasINELEKTRA Sp. z o.o. to polska sp\u00f3\u0142ka technologiczno-handlowa, za\u0142o\u017cona w 2012 roku.Zajmujemy si\u0119 kompleksowymi rozwi\u0105zaniami dla produkt\u00f3w elektronicznych \u2013 od pomys\u0142u do produktu finalnego.Specjalizujemy si\u0119 w kompleksowym projektowaniu wyrob\u00f3w elektronicznych na zlecenie jak r\u00f3wnie\u017c posiadamy marki w\u0142asne.Nasze g\u0142\u00f3wne obszary zainteresowania to o\u015bwietlenie, automotive, uk\u0142ady zasilania, oprogramowanie mikroporocesor\u00f3w oraz aplikacje dla smartfon\u00f3w.Posiadamy w\u0142asny dzia\u0142 konstrukcyjny [&hellip;]<\/p>\n","protected":false},"author":1,"featured_media":0,"parent":0,"menu_order":0,"comment_status":"closed","ping_status":"closed","template":"","meta":{"_et_pb_use_builder":"on","_et_pb_old_content":"","_et_gb_content_width":"","footnotes":""},"class_list":["post-60","page","type-page","status-publish","hentry"],"_links":{"self":[{"href":"https:\/\/inelektra.com\/index.php?rest_route=\/wp\/v2\/pages\/60","targetHints":{"allow":["GET"]}}],"collection":[{"href":"https:\/\/inelektra.com\/index.php?rest_route=\/wp\/v2\/pages"}],"about":[{"href":"https:\/\/inelektra.com\/index.php?rest_route=\/wp\/v2\/types\/page"}],"author":[{"embeddable":true,"href":"https:\/\/inelektra.com\/index.php?rest_route=\/wp\/v2\/users\/1"}],"replies":[{"embeddable":true,"href":"https:\/\/inelektra.com\/index.php?rest_route=%2Fwp%2Fv2%2Fcomments&post=60"}],"version-history":[{"count":10,"href":"https:\/\/inelektra.com\/index.php?rest_route=\/wp\/v2\/pages\/60\/revisions"}],"predecessor-version":[{"id":234,"href":"https:\/\/inelektra.com\/index.php?rest_route=\/wp\/v2\/pages\/60\/revisions\/234"}],"wp:attachment":[{"href":"https:\/\/inelektra.com\/index.php?rest_route=%2Fwp%2Fv2%2Fmedia&parent=60"}],"curies":[{"name":"wp","href":"https:\/\/api.w.org\/{rel}","templated":true}]}}